{"id":491,"date":"2022-08-31T15:54:51","date_gmt":"2022-08-31T13:54:51","guid":{"rendered":"https:\/\/palazzocervesato.it\/privacy-policy\/"},"modified":"2022-11-02T18:01:57","modified_gmt":"2022-11-02T17:01:57","slug":"privacy-policy","status":"publish","type":"page","link":"https:\/\/palazzocervesato.it\/de\/privacy-policy\/","title":{"rendered":"Privacy Policy"},"content":{"rendered":"\r\n<p>Die Methoden zur Verwaltung der Website werden im Folgenden unter Bezugnahme auf die Verarbeitung der personenbezogenen Daten der Benutzer beschrieben, die sie konsultieren. Diese Datenschutzerkl\u00e4rung wird auch als Kurzinformation gem\u00e4\u00df der Europ\u00e4ischen Datenschutzverordnung Nr. 679\/2016 (\u201eDSGVO\u201c). Die Behandlung basiert immer auf den Grunds\u00e4tzen der Rechtm\u00e4\u00dfigkeit und Korrektheit unter Einhaltung aller geltenden Vorschriften und es werden geeignete Sicherheitsma\u00dfnahmen zum Schutz der Daten ergriffen. Diese Datenschutzrichtlinie betrifft nur diese Website und gilt nicht f\u00fcr andere Websites, die vom Benutzer \u00fcber Links konsultiert werden, die nicht an diese Datenschutzrichtlinie gebunden sind. Wir empfehlen Ihnen, die auf diesen externen Websites verf\u00fcgbaren Datenschutzrichtlinien sorgf\u00e4ltig zu lesen und die Verfahren zur Erfassung, Verwendung und Offenlegung der von ihnen verwendeten personenbezogenen Daten zu pr\u00fcfen.<\/p>\r\n<p>&nbsp;<\/p>\r\n<p><br \/><strong>PERS\u00d6NLICHE INFORMATIONEN, DIE WIR SAMMELN<\/strong><\/p>\r\n<p>Bei jedem Kontakt oder jeder Interaktion mit dem Besucher k\u00f6nnen wir personenbezogene Daten wie Name, Nachname, Telefon, E-Mail und m\u00f6glicherweise andere Daten erfassen, die uns der Benutzer freiwillig zur Verf\u00fcgung stellt. Abgesehen von dem, was unten f\u00fcr Navigationsdaten angegeben ist, steht es den Benutzern frei, ihre pers\u00f6nlichen Daten anzugeben, und die Nichtbereitstellung kann es nur unm\u00f6glich machen, die angeforderten Daten zu erhalten.<\/p>\r\n<p>&nbsp;<\/p>\r\n<p><br \/><strong>INFORMATIONEN, DIE WIR VON DRITTEN ERHEBEN<\/strong><\/p>\r\n<p>W\u00e4hrend des Surfens werden Standardzugriffsinformationen und Details des Besucherverhaltensmodells gesammelt, um Informationen wie beispielsweise die Anzahl der Besucher der verschiedenen Bereiche der Website zu erhalten. Wir erfassen diese Informationen auf eine Weise, die eine Identifizierung der Person nicht zul\u00e4sst. Wir versuchen in keiner Weise, die Identit\u00e4t der Besucher unserer Website herauszufinden, und verkn\u00fcpfen keine \u00fcber die Website gesammelten Daten mit Informationen aus irgendeiner Quelle, die eine Person identifizieren k\u00f6nnten (unbeschadet der freiwillig bereitgestellten Informationen durch die &#8218;Benutzer).<\/p>\r\n<p>&nbsp;<\/p>\r\n<p><br \/><strong>ZWECK DER BEHANDLUNG<\/strong><\/p>\r\n<p>Die Navigationsdaten werden von den Computersystemen und Softwareverfahren erfasst, die den Betrieb dieser Website regeln. Hierbei handelt es sich um Informationen, die nicht gesammelt werden, um eine sp\u00e4tere Identifizierung des Benutzers zu erm\u00f6glichen, sondern die ausschlie\u00dflich dazu verwendet werden, anonyme statistische Informationen \u00fcber die Nutzung der Website zu erhalten und ihr korrektes Funktionieren zu \u00fcberpr\u00fcfen; Diese Datenkategorie umfasst die IP-Adressen oder Dom\u00e4nennamen der Computer, die von Benutzern verwendet werden, die sich mit der Website verbinden, den Zeitpunkt der Anfrage, die Methode, mit der die Anfrage an den Server gesendet wird, den numerischen Code, der den Status der gegebenen Antwort angibt durch den Server (erfolgreich, Fehler usw.) und andere Parameter, die sich auf das Betriebssystem und den Browser des Benutzers beziehen. Die freiwillig von Benutzern \u00fcber diese Website bereitgestellten Daten werden ausschlie\u00dflich zu dem Zweck verarbeitet, den Zugang zu Produkten, Dienstleistungen und Inhalten zu erm\u00f6glichen sowie die angeforderten Dienstleistungen oder Bereitstellungen auszuf\u00fchren. In Bezug auf einige spezifische Dienstleistungen und vorbehaltlich der informierten Zustimmung der interessierten Partei k\u00f6nnen die eingegebenen Daten auch vom Datenverantwortlichen verwendet werden, um \u00fcber die angebotenen Dienstleistungen zu informieren und sie zu aktualisieren (z. B. durch das Versenden von Newslettern), um Verk\u00e4ufe durchzuf\u00fchren oder Platzierung von Produkten und Dienstleistungen und Durchf\u00fchrung von Studien und Marktforschung. In jedem Fall k\u00f6nnten die erfassten Daten verwendet werden, um die Verantwortlichkeit f\u00fcr hypothetische Computerkriminalit\u00e4t gegen die Website festzustellen.<\/p>\r\n<p>&nbsp;<\/p>\r\n<p><br \/><strong>IDENTIT\u00c4T DES DATENVERANTWORTLICHEN<\/strong><\/p>\r\n<p>Diese Website wird vom Datenverantwortlichen verwaltet, der f\u00fcr diese Datenschutzrichtlinie verantwortlich ist und in Cervesato Maurizio mit rechtlichem und operativem Hauptsitz in Scorz\u00e8 (VE) identifiziert ist, E-Mail: info@palazzocervesato.it. Der Datenverantwortliche garantiert die Sicherheit, Vertraulichkeit und den Schutz der in seinem Besitz befindlichen Daten in jeder Phase des Datenverarbeitungsprozesses. Die gesammelten Daten werden in \u00dcbereinstimmung mit der geltenden Datenschutzgesetzgebung (DSGVO 679\/2016) verwendet. Personenbezogene Daten k\u00f6nnen den zu ihrer Verarbeitung Berechtigten zur Kenntnis gebracht und an Mitarbeiter und \/ oder andere Personen weitergegeben werden, mit denen eine Kommunikation f\u00fcr die Erbringung von Dienstleistungen, f\u00fcr den technischen Support von IT- \/ Telematikdiensten und f\u00fcr die Serverspeicherung erforderlich ist. Die vom Nutzer bereitgestellten Daten k\u00f6nnen an Personen weitergegeben werden, f\u00fcr die eine gesetzliche Offenlegungspflicht besteht oder die zur Geltendmachung eines berechtigten Rechtes des Eigent\u00fcmers an die zust\u00e4ndigen Stellen \u00fcbermittelt werden m\u00fcssen. Eine \u00dcbermittlung der erhobenen personenbezogenen Daten in Nicht-EU-L\u00e4nder oder an internationale Organisationen ist nicht vorgesehen.<\/p>\r\n<p>&nbsp;<\/p>\r\n<p>&nbsp;<\/p>\r\n<p><strong>LAGERZEITEN<\/strong><\/p>\r\n<p>Unter Beachtung der Grunds\u00e4tze der Verh\u00e4ltnism\u00e4\u00dfigkeit und Erforderlichkeit werden die Daten nicht l\u00e4nger gespeichert, als es f\u00fcr die Erreichung der oben genannten Zwecke und damit f\u00fcr den angebotenen Dienst oder die spezifischen gesetzlichen Bestimmungen erforderlich ist.<\/p>\r\n<p>Die durch Cookies gesammelten Daten, auf die in den spezifischen Informationen unten Bezug genommen wird, werden entsprechend ihrer Art gespeichert: Session-Cookies verfallen, wenn der Benutzer den Browser schlie\u00dft, dauerhafte Cookies haben typische Ablaufdaten, die, sofern keine besonderen Ausnahmen vorliegen, 60 Tage nicht \u00fcberschreiten.<\/p>\r\n<p>Der Benutzer kann jederzeit die Unterbrechung der Verarbeitung oder die L\u00f6schung und \/ oder Einschr\u00e4nkung der Daten verlangen.<\/p>\r\n<p>&nbsp;<\/p>\r\n<p><br \/><strong>WIDERRUF DER ZUSTIMMUNG<\/strong><\/p>\r\n<p>Unter Bezugnahme auf Art. 6 der DSGVO 679\/16 kann der Betroffene die Einwilligung jederzeit widerrufen.<\/p>\r\n<p>Die DSGVO 679\/2016 erkennt bestimmte Rechte der interessierten Partei an: Recht auf Zugang zu den erhobenen und verarbeiteten Daten \u2013 Art. 15, Recht auf Datenberichtigung &#8211; Art. 16, Recht auf L\u00f6schung von Daten und Recht auf Vergessenwerden \u2013 Art. 17, Recht auf Einschr\u00e4nkung der Behandlung &#8211; Kunst. 18, Recht auf Daten\u00fcbertragbarkeit an einen anderen Eigent\u00fcmer &#8211; Art. 20, Widerspruchsrecht gegen die Verarbeitung \u2013 Art. 21, Recht, keiner automatisierten Verarbeitung unterzogen zu werden \u2013 Art. 22, Recht auf jederzeitigen Widerruf der Einwilligung, unbeschadet der Rechtm\u00e4\u00dfigkeit der Behandlung aufgrund der vor dem Widerruf erteilten Einwilligung \u2013 Art. 7, Recht auf Beschwerde bei der Aufsichtsbeh\u00f6rde &#8211; Art. 77. Die Aus\u00fcbung der vorgenannten Rechte kann ausge\u00fcbt werden, indem eine Anfrage per E-Mail an die folgende Adresse gesendet wird: info@palazzocervesato.it. Weitere Informationen in Bezug auf die Verarbeitung personenbezogener Daten k\u00f6nnen jederzeit vom Datenverantwortlichen unter Verwendung der Kontaktinformationen angefordert werden.<\/p>\r\n<p>&nbsp;<\/p>\r\n<p><br \/><strong>\u00c4NDERUNGEN AN DIESER DATENSCHUTZERKL\u00c4RUNG<\/strong><\/p>\r\n<p>Der Datenverantwortliche beh\u00e4lt sich das Recht vor, jederzeit \u00c4nderungen an dieser Datenschutzrichtlinie vorzunehmen, indem er die Benutzer auf dieser Seite benachrichtigt. Bitte konsultieren Sie diese Seite daher h\u00e4ufig und beziehen Sie sich dabei auf das Datum der letzten \u00c4nderung, das unten angegeben ist. Falls die an dieser Datenschutzrichtlinie vorgenommenen \u00c4nderungen nicht akzeptiert werden, muss der Benutzer die Nutzung dieser Anwendung einstellen und kann den Datenverantwortlichen auffordern, seine personenbezogenen Daten zu entfernen.<\/p>\r\n<p>Falls nicht anders angegeben.<\/p>\r\n<p>&nbsp;<\/p>\r\n<p><strong>DIE PRIVATSPH\u00c4RE VON MINDERJ\u00c4HRIGEN<\/strong><\/p>\r\n<p>Unsere Website richtet sich an ein breites Publikum und bietet keine Dienste an, die sich an Kinder richten. Wenn wir feststellen, dass ein Minderj\u00e4hriger uns personenbezogene Daten ohne Zustimmung seiner Eltern oder Erziehungsberechtigten bereitgestellt hat, werden wir diese Informationen unverz\u00fcglich l\u00f6schen.<\/p>\r\n<p>&nbsp;<\/p>\r\n<p><br \/><strong>VERTEIDIGUNG IM URTEIL<\/strong><\/p>\r\n<p>Die personenbezogenen Daten des Benutzers k\u00f6nnen vom Eigent\u00fcmer vor Gericht oder in den Phasen, die zu seiner eventuellen Einrichtung f\u00fchren, zur Verteidigung gegen Missbrauch bei der Nutzung derselben oder verwandter Dienste durch den Benutzer verwendet werden. Nach einer Vorladung, einem Gerichtsbeschluss oder einer anderen rechtlichen Initiative; um die uns gesetzlich zustehenden Rechte zu begr\u00fcnden oder auszu\u00fcben; um uns im Falle von rechtlichen Schritten gegen uns zu verteidigen oder f\u00fcr andere gesetzlich vorgeschriebene Zwecke.<\/p>\r\n<p>Der Benutzer erkl\u00e4rt, sich dar\u00fcber im Klaren zu sein, dass der Datenverantwortliche m\u00f6glicherweise verpflichtet sein kann, die Daten auf Anfrage der Beh\u00f6rden offenzulegen.<\/p>\r\n<p>&nbsp;<\/p>\r\n<p><br \/>zuletzt aktualisiert am 25. Mai 2018<\/p>\r\n","protected":false},"excerpt":{"rendered":"<p>Die Methoden zur Verwaltung der Website werden im Folgenden unter Bezugnahme auf die Verarbeitung der personenbezogenen Daten der Benutzer beschrieben, die sie konsultieren. Diese Datenschutzerkl\u00e4rung wird auch als Kurzinformation gem\u00e4\u00df der Europ\u00e4ischen Datenschutzverordnung Nr. 679\/2016 (\u201eDSGVO\u201c). Die Behandlung basiert immer auf den Grunds\u00e4tzen der Rechtm\u00e4\u00dfigkeit und Korrektheit unter Einhaltung aller geltenden Vorschriften und es werden [&hellip;]<\/p>\n","protected":false},"author":1,"featured_media":0,"parent":0,"menu_order":99,"comment_status":"closed","ping_status":"closed","template":"","meta":[],"acf":[],"_links":{"self":[{"href":"https:\/\/palazzocervesato.it\/de\/wp-json\/wp\/v2\/pages\/491"}],"collection":[{"href":"https:\/\/palazzocervesato.it\/de\/wp-json\/wp\/v2\/pages"}],"about":[{"href":"https:\/\/palazzocervesato.it\/de\/wp-json\/wp\/v2\/types\/page"}],"author":[{"embeddable":true,"href":"https:\/\/palazzocervesato.it\/de\/wp-json\/wp\/v2\/users\/1"}],"replies":[{"embeddable":true,"href":"https:\/\/palazzocervesato.it\/de\/wp-json\/wp\/v2\/comments?post=491"}],"version-history":[{"count":2,"href":"https:\/\/palazzocervesato.it\/de\/wp-json\/wp\/v2\/pages\/491\/revisions"}],"predecessor-version":[{"id":514,"href":"https:\/\/palazzocervesato.it\/de\/wp-json\/wp\/v2\/pages\/491\/revisions\/514"}],"wp:attachment":[{"href":"https:\/\/palazzocervesato.it\/de\/wp-json\/wp\/v2\/media?parent=491"}],"curies":[{"name":"wp","href":"https:\/\/api.w.org\/{rel}","templated":true}]}}