{"id":490,"date":"2022-08-31T15:54:51","date_gmt":"2022-08-31T13:54:51","guid":{"rendered":"https:\/\/palazzocervesato.it\/privacy-policy\/"},"modified":"2022-11-02T18:02:52","modified_gmt":"2022-11-02T17:02:52","slug":"privacy-policy","status":"publish","type":"page","link":"https:\/\/palazzocervesato.it\/fr\/privacy-policy\/","title":{"rendered":"Privacy Policy"},"content":{"rendered":"\r\n<p>Les modalit\u00e9s de gestion du site sont d\u00e9crites ci-apr\u00e8s en r\u00e9f\u00e9rence au traitement des donn\u00e9es personnelles des utilisateurs qui le consultent. Cette politique de confidentialit\u00e9 est \u00e9galement donn\u00e9e \u00e0 titre d&rsquo;information succincte conform\u00e9ment au r\u00e8glement europ\u00e9en sur la confidentialit\u00e9 n. 679\/2016 (\u00ab\u00a0RGPD\u00a0\u00bb). Le traitement est toujours bas\u00e9 sur les principes de lic\u00e9it\u00e9 et d&rsquo;exactitude conform\u00e9ment \u00e0 toutes les r\u00e9glementations en vigueur et des mesures de s\u00e9curit\u00e9 appropri\u00e9es sont adopt\u00e9es pour prot\u00e9ger les donn\u00e9es. Cette politique de confidentialit\u00e9 ne concerne que ce site Web et n&rsquo;est pas fournie pour les autres sites consult\u00e9s par l&rsquo;utilisateur via des liens, qui ne sont pas li\u00e9s par cette politique de confidentialit\u00e9. Nous vous recommandons de lire attentivement la politique de confidentialit\u00e9 disponible sur ces sites externes et d&rsquo;examiner les proc\u00e9dures de collecte, d&rsquo;utilisation et de divulgation des informations personnelles qu&rsquo;ils utilisent.<\/p>\r\n<p>&nbsp;<\/p>\r\n<p><br \/><strong>INFORMATIONS PERSONNELLES QUE NOUS COLLECTONS<\/strong><\/p>\r\n<p>\u00c0 chaque occasion de contact ou d&rsquo;interaction avec le visiteur, nous pouvons collecter des informations personnelles telles que Nom, Pr\u00e9nom, T\u00e9l\u00e9phone, Email et \u00e9ventuellement toute autre donn\u00e9e qui nous est volontairement fournie par l&rsquo;utilisateur. En dehors de ce qui est sp\u00e9cifi\u00e9 ci-dessous pour les donn\u00e9es de navigation, les utilisateurs sont libres de fournir leurs donn\u00e9es personnelles et le d\u00e9faut de les fournir ne peut que rendre impossible l&rsquo;obtention de ce qui est demand\u00e9.<\/p>\r\n<p>&nbsp;<\/p>\r\n<p><br \/><strong>INFORMATIONS QUE NOUS COLLECTONS AUPR\u00c8S DE TIERS<\/strong><\/p>\r\n<p>Lors de la navigation, des informations d&rsquo;acc\u00e8s standard et des d\u00e9tails sur le mod\u00e8le de comportement du visiteur sont collect\u00e9s pour obtenir des informations telles que, par exemple, le nombre de visiteurs dans les diff\u00e9rentes rubriques du site. Nous recueillons ces informations d&rsquo;une mani\u00e8re qui ne permet pas l&rsquo;identification de l&rsquo;individu. Nous ne cherchons en aucune mani\u00e8re \u00e0 conna\u00eetre l&rsquo;identit\u00e9 des visiteurs de notre site Web et n&rsquo;associons aucune donn\u00e9e recueillie par l&rsquo;interm\u00e9diaire du site \u00e0 des informations, provenant de quelque source que ce soit, qui pourraient identifier un individu (sans pr\u00e9judice des informations fournies volontairement par le &lsquo;utilisateur).<\/p>\r\n<p>&nbsp;<\/p>\r\n<p><br \/><strong>BUT DU TRAITEMENT<\/strong><\/p>\r\n<p>Les donn\u00e9es de navigation sont acquises par les syst\u00e8mes informatiques et les proc\u00e9dures logicielles qui r\u00e9gissent le fonctionnement de ce site. Il s&rsquo;agit d&rsquo;informations qui ne sont pas collect\u00e9es pour permettre l&rsquo;identification ult\u00e9rieure de l&rsquo;utilisateur, mais qui sont utilis\u00e9es dans le seul but d&rsquo;obtenir des informations statistiques anonymes sur l&rsquo;utilisation du site et de v\u00e9rifier son bon fonctionnement ; cette cat\u00e9gorie de donn\u00e9es comprend les adresses IP ou les noms de domaine des ordinateurs utilis\u00e9s par les utilisateurs qui se connectent au site, l&rsquo;heure de la demande, la m\u00e9thode utilis\u00e9e pour soumettre la demande au serveur, le code num\u00e9rique indiquant l&rsquo;\u00e9tat de la r\u00e9ponse donn\u00e9e par le serveur (succ\u00e8s, erreur, etc.) et d&rsquo;autres param\u00e8tres relatifs au syst\u00e8me d&rsquo;exploitation et au navigateur utilis\u00e9 par l&rsquo;utilisateur. Les donn\u00e9es fournies volontairement par les utilisateurs via ce site sont trait\u00e9es dans le seul but de permettre l&rsquo;acc\u00e8s aux produits, services et contenus, ainsi que l&rsquo;ex\u00e9cution du service ou de la prestation demand\u00e9e. En ce qui concerne certains services sp\u00e9cifiques, et sous r\u00e9serve du consentement \u00e9clair\u00e9 de l&rsquo;int\u00e9ress\u00e9, les donn\u00e9es saisies peuvent \u00e9galement \u00eatre utilis\u00e9es par le responsable du traitement pour informer et mettre \u00e0 jour sur les services offerts (par exemple en envoyant des newsletters), pour effectuer des ventes ou placement de produits et services et r\u00e9alisation d&rsquo;\u00e9tudes et d&rsquo;\u00e9tudes de march\u00e9. Dans tous les cas, les donn\u00e9es acquises pourraient \u00eatre utilis\u00e9es pour d\u00e9terminer la responsabilit\u00e9 d&rsquo;hypoth\u00e9tiques d\u00e9lits informatiques contre le site.<\/p>\r\n<p>&nbsp;<\/p>\r\n<p><br \/><strong>IDENTIT\u00c9 DU CONTR\u00d4LEUR DES DONN\u00c9ES<\/strong><\/p>\r\n<p>Ce site est g\u00e9r\u00e9 par le responsable du traitement des donn\u00e9es, responsable de la pr\u00e9sente politique de confidentialit\u00e9 et identifi\u00e9 \u00e0 Cervesato Maurizio dont le si\u00e8ge juridique et op\u00e9rationnel est \u00e0 Scorz\u00e8 (VE), e-mail : info@palazzocervesato.it. Le responsable du traitement garantit la s\u00e9curit\u00e9, la confidentialit\u00e9 et la protection des donn\u00e9es en sa possession, \u00e0 toutes les \u00e9tapes du processus de traitement des donn\u00e9es. Les donn\u00e9es collect\u00e9es sont utilis\u00e9es conform\u00e9ment \u00e0 la l\u00e9gislation en vigueur sur la vie priv\u00e9e (GDPR 679\/2016). Les donn\u00e9es personnelles peuvent \u00eatre port\u00e9es \u00e0 l&rsquo;attention des personnes autoris\u00e9es \u00e0 les traiter et peuvent \u00eatre divulgu\u00e9es \u00e0 des collaborateurs et \/ ou \u00e0 d&rsquo;autres sujets avec lesquels la communication est n\u00e9cessaire pour la fourniture de services, pour le support technique des services informatiques \/ t\u00e9l\u00e9matiques et le stockage du serveur. Les donn\u00e9es fournies par l&rsquo;utilisateur peuvent \u00eatre divulgu\u00e9es \u00e0 des sujets pour lesquels il existe une obligation de divulgation en vertu de la loi ou un besoin de communication pour faire valoir un juste droit du propri\u00e9taire aux organismes appropri\u00e9s. Le transfert des donn\u00e9es personnelles collect\u00e9es vers des pays hors UE ou vers des organisations internationales n&rsquo;est pas envisag\u00e9.<\/p>\r\n<p>&nbsp;<\/p>\r\n<p><strong>TEMPS DE STOCKAGE<\/strong><\/p>\r\n<p>Conform\u00e9ment aux principes de proportionnalit\u00e9 et de n\u00e9cessit\u00e9, les donn\u00e9es ne seront pas conserv\u00e9es plus longtemps que celles indispensables \u00e0 la r\u00e9alisation des finalit\u00e9s susmentionn\u00e9es et, par cons\u00e9quent, au service propos\u00e9 ou aux dispositions l\u00e9gales sp\u00e9cifiques.<\/p>\r\n<p>Les donn\u00e9es collect\u00e9es via les cookies, vis\u00e9es dans les informations sp\u00e9cifiques ci-dessous, seront stock\u00e9es en fonction de leur nature : les cookies de session expirent lorsque l&rsquo;utilisateur ferme le navigateur, les cookies persistants ont des dates d&rsquo;expiration typiques qui, sauf exceptions sp\u00e9cifiques, ne d\u00e9passent pas 60 jours.<\/p>\r\n<p>L&rsquo;Utilisateur peut toujours, \u00e0 tout moment, demander l&rsquo;interruption du traitement ou l&rsquo;annulation et\/ou la limitation des Donn\u00e9es.<\/p>\r\n<p>&nbsp;<\/p>\r\n<p><br \/><strong>RETRAIT DU CONSENTEMENT<\/strong><\/p>\r\n<p>En r\u00e9f\u00e9rence \u00e0 l&rsquo;art. 6 du GDPR 679\/16, l&rsquo;int\u00e9ress\u00e9 peut r\u00e9voquer le consentement \u00e0 tout moment.<\/p>\r\n<p>Le RGPD 679\/2016 reconna\u00eet certains droits \u00e0 l&rsquo;int\u00e9ress\u00e9 : droit d&rsquo;acc\u00e8s aux donn\u00e9es collect\u00e9es et trait\u00e9es &#8211; art. 15, droit d&rsquo;obtenir la rectification des donn\u00e9es &#8211; art. 16, droit d&rsquo;obtenir la suppression des donn\u00e9es et droit \u00e0 l&rsquo;oubli &#8211; art. 17, droit d&rsquo;obtenir la limitation du traitement &#8211; art. 18, droit \u00e0 la portabilit\u00e9 des donn\u00e9es \u00e0 un autre propri\u00e9taire &#8211; art. 20, droit de s&rsquo;opposer au traitement &#8211; art. 21, droit de ne pas faire l&rsquo;objet d&rsquo;un traitement automatis\u00e9 &#8211; art. 22, droit de retirer le consentement \u00e0 tout moment, sans pr\u00e9judice de la lic\u00e9it\u00e9 du traitement fond\u00e9 sur le consentement donn\u00e9 avant la r\u00e9vocation &#8211; art. 7, droit de porter plainte aupr\u00e8s de l&rsquo;Autorit\u00e9 de surveillance &#8211; art. 77. L&rsquo;exercice des droits susmentionn\u00e9s peut \u00eatre exerc\u00e9 en envoyant une demande par courrier \u00e9lectronique \u00e0 l&rsquo;adresse suivante : info@palazzocervesato.it. De plus amples informations concernant le traitement des donn\u00e9es personnelles peuvent \u00eatre demand\u00e9es \u00e0 tout moment au responsable du traitement en utilisant les informations de contact.<\/p>\r\n<p>&nbsp;<\/p>\r\n<p><br \/><strong>MODIFICATIONS DE CETTE POLITIQUE DE CONFIDENTIALIT\u00c9<\/strong><\/p>\r\n<p>Le responsable du traitement se r\u00e9serve le droit d&rsquo;apporter des modifications \u00e0 cette politique de confidentialit\u00e9 \u00e0 tout moment en informant les utilisateurs sur cette page. Par cons\u00e9quent, veuillez consulter souvent cette page en vous r\u00e9f\u00e9rant \u00e0 la date de la derni\u00e8re modification indiqu\u00e9e en bas. En cas de non-acceptation des modifications apport\u00e9es \u00e0 cette politique de confidentialit\u00e9, l&rsquo;Utilisateur est tenu de cesser d&rsquo;utiliser cette Application et peut demander au Responsable du traitement de supprimer ses Donn\u00e9es personnelles.<\/p>\r\n<p>Sauf indication contraire.<\/p>\r\n<p>&nbsp;<\/p>\r\n<p><strong>LA VIE PRIV\u00c9E DES MINEURS<\/strong><\/p>\r\n<p>Notre site Internet s&rsquo;adresse au grand public et ne propose pas de services destin\u00e9s aux enfants. Si nous d\u00e9couvrons qu&rsquo;un mineur nous a fourni des donn\u00e9es personnelles sans l&rsquo;autorisation de ses parents ou de son tuteur, nous supprimerons imm\u00e9diatement ces informations.<\/p>\r\n<p>&nbsp;<\/p>\r\n<p><br \/><strong>D\u00c9FENSE EN JUGEMENT<\/strong><\/p>\r\n<p>Les donn\u00e9es personnelles de l&rsquo;utilisateur peuvent \u00eatre utilis\u00e9es pour la d\u00e9fense par le propri\u00e9taire devant les tribunaux ou dans les \u00e9tapes menant \u00e0 son \u00e9tablissement \u00e9ventuel, contre les abus dans l&rsquo;utilisation des m\u00eames services ou de services connexes par l&rsquo;utilisateur. Suite \u00e0 une assignation, une ordonnance judiciaire ou une autre initiative judiciaire\u00a0; afin d&rsquo;\u00e9tablir ou d&rsquo;exercer les droits qui nous sont reconnus par la loi\u00a0; pour nous d\u00e9fendre en cas d&rsquo;action en justice contre nous ou \u00e0 d&rsquo;autres fins dict\u00e9es par la loi.<\/p>\r\n<p>L&rsquo;Utilisateur d\u00e9clare \u00eatre conscient que le Responsable du traitement peut \u00eatre amen\u00e9 \u00e0 divulguer les Donn\u00e9es \u00e0 la demande des autorit\u00e9s publiques.<\/p>\r\n<p>&nbsp;<\/p>\r\n<p><br \/>derni\u00e8re mise \u00e0 jour le 25 mai 2018<\/p>\r\n","protected":false},"excerpt":{"rendered":"<p>Les modalit\u00e9s de gestion du site sont d\u00e9crites ci-apr\u00e8s en r\u00e9f\u00e9rence au traitement des donn\u00e9es personnelles des utilisateurs qui le consultent. Cette politique de confidentialit\u00e9 est \u00e9galement donn\u00e9e \u00e0 titre d&rsquo;information succincte conform\u00e9ment au r\u00e8glement europ\u00e9en sur la confidentialit\u00e9 n. 679\/2016 (\u00ab\u00a0RGPD\u00a0\u00bb). Le traitement est toujours bas\u00e9 sur les principes de lic\u00e9it\u00e9 et d&rsquo;exactitude conform\u00e9ment [&hellip;]<\/p>\n","protected":false},"author":1,"featured_media":0,"parent":0,"menu_order":99,"comment_status":"closed","ping_status":"closed","template":"","meta":[],"acf":[],"_links":{"self":[{"href":"https:\/\/palazzocervesato.it\/fr\/wp-json\/wp\/v2\/pages\/490"}],"collection":[{"href":"https:\/\/palazzocervesato.it\/fr\/wp-json\/wp\/v2\/pages"}],"about":[{"href":"https:\/\/palazzocervesato.it\/fr\/wp-json\/wp\/v2\/types\/page"}],"author":[{"embeddable":true,"href":"https:\/\/palazzocervesato.it\/fr\/wp-json\/wp\/v2\/users\/1"}],"replies":[{"embeddable":true,"href":"https:\/\/palazzocervesato.it\/fr\/wp-json\/wp\/v2\/comments?post=490"}],"version-history":[{"count":3,"href":"https:\/\/palazzocervesato.it\/fr\/wp-json\/wp\/v2\/pages\/490\/revisions"}],"predecessor-version":[{"id":516,"href":"https:\/\/palazzocervesato.it\/fr\/wp-json\/wp\/v2\/pages\/490\/revisions\/516"}],"wp:attachment":[{"href":"https:\/\/palazzocervesato.it\/fr\/wp-json\/wp\/v2\/media?parent=490"}],"curies":[{"name":"wp","href":"https:\/\/api.w.org\/{rel}","templated":true}]}}